{"id":38,"date":"2025-02-24T15:41:56","date_gmt":"2025-02-24T14:41:56","guid":{"rendered":"http:\/\/bzvkxvo.cluster021.hosting.ovh.net\/?page_id=38"},"modified":"2026-03-01T21:29:26","modified_gmt":"2026-03-01T20:29:26","slug":"activites","status":"publish","type":"page","link":"https:\/\/camino-asso.com\/index.php\/activites\/","title":{"rendered":"Activit\u00e9s"},"content":{"rendered":"\n<p class=\"is-style-text-subtitle\">Nous nous r\u00e9unissons une fois par mois dans un espace priv\u00e9 et convivial.&nbsp;<\/p>\n\n\n\n<p>Une r\u00e9union typique comprend :<\/p>\n\n\n\n<ul class=\"wp-block-list\">\n<li>Pr\u00e9sentation et discussion de l&rsquo;offre commerciale d&rsquo;un participant.\u00a0Une pr\u00e9sentation r\u00e9guli\u00e8re de son offre en situation de prospection permet de la clarifier et la pr\u00e9ciser gr\u00e2ce au retour critique et bienveillant des autres membres ;<\/li>\n<\/ul>\n\n\n\n<ul class=\"wp-block-list\">\n<li>Travail en cod\u00e9veloppement sur une probl\u00e9matique qu&rsquo;un caminien a \u00e0 r\u00e9soudre ;<\/li>\n<\/ul>\n\n\n\n<ul class=\"wp-block-list\">\n<li>Brainstorming sur une recherche sp\u00e9cifique d&rsquo;un membre ;<\/li>\n<\/ul>\n\n\n\n<ul class=\"wp-block-list\">\n<li>Pr\u00e9sentation d&rsquo;ouvrage ou lecture par un membre pour r\u00e9flexion collective ;<\/li>\n\n\n\n<li>Pr\u00e9sentation de business case : mission r\u00e9alis\u00e9e par un membre chez un client, d\u00e9crivant la mise en \u0153uvre concr\u00e8te de son expertise ;<\/li>\n<\/ul>\n\n\n\n<ul class=\"wp-block-list\">\n<li>Etc&#8230;<\/li>\n<\/ul>\n","protected":false},"excerpt":{"rendered":"<p>Nous nous r\u00e9unissons une fois par mois dans un espace priv\u00e9 et convivial.&nbsp; Une r\u00e9union typique comprend :<\/p>\n","protected":false},"author":1,"featured_media":92,"parent":0,"menu_order":3,"comment_status":"closed","ping_status":"closed","template":"","meta":{"site-sidebar-layout":"default","site-content-layout":"","ast-site-content-layout":"default","site-content-style":"default","site-sidebar-style":"default","ast-global-header-display":"","ast-banner-title-visibility":"","ast-main-header-display":"","ast-hfb-above-header-display":"","ast-hfb-below-header-display":"","ast-hfb-mobile-header-display":"","site-post-title":"","ast-breadcrumbs-content":"","ast-featured-img":"","footer-sml-layout":"","ast-disable-related-posts":"","theme-transparent-header-meta":"","adv-header-id-meta":"","stick-header-meta":"","header-above-stick-meta":"","header-main-stick-meta":"","header-below-stick-meta":"","astra-migrate-meta-layouts":"default","ast-page-background-enabled":"default","ast-page-background-meta":{"desktop":{"background-color":"var(--ast-global-color-5)","background-image":"","background-repeat":"repeat","background-position":"center center","background-size":"auto","background-attachment":"scroll","background-type":"","background-media":"","overlay-type":"","overlay-color":"","overlay-opacity":"","overlay-gradient":""},"tablet":{"background-color":"","background-image":"","background-repeat":"repeat","background-position":"center center","background-size":"auto","background-attachment":"scroll","background-type":"","background-media":"","overlay-type":"","overlay-color":"","overlay-opacity":"","overlay-gradient":""},"mobile":{"background-color":"","background-image":"","background-repeat":"repeat","background-position":"center center","background-size":"auto","background-attachment":"scroll","background-type":"","background-media":"","overlay-type":"","overlay-color":"","overlay-opacity":"","overlay-gradient":""}},"ast-content-background-meta":{"desktop":{"background-color":"var(--ast-global-color-4)","background-image":"","background-repeat":"repeat","background-position":"center center","background-size":"auto","background-attachment":"scroll","background-type":"","background-media":"","overlay-type":"","overlay-color":"","overlay-opacity":"","overlay-gradient":""},"tablet":{"background-color":"var(--ast-global-color-4)","background-image":"","background-repeat":"repeat","background-position":"center center","background-size":"auto","background-attachment":"scroll","background-type":"","background-media":"","overlay-type":"","overlay-color":"","overlay-opacity":"","overlay-gradient":""},"mobile":{"background-color":"var(--ast-global-color-4)","background-image":"","background-repeat":"repeat","background-position":"center center","background-size":"auto","background-attachment":"scroll","background-type":"","background-media":"","overlay-type":"","overlay-color":"","overlay-opacity":"","overlay-gradient":""}},"footnotes":""},"class_list":["post-38","page","type-page","status-publish","has-post-thumbnail","hentry"],"_links":{"self":[{"href":"https:\/\/camino-asso.com\/index.php\/wp-json\/wp\/v2\/pages\/38","targetHints":{"allow":["GET"]}}],"collection":[{"href":"https:\/\/camino-asso.com\/index.php\/wp-json\/wp\/v2\/pages"}],"about":[{"href":"https:\/\/camino-asso.com\/index.php\/wp-json\/wp\/v2\/types\/page"}],"author":[{"embeddable":true,"href":"https:\/\/camino-asso.com\/index.php\/wp-json\/wp\/v2\/users\/1"}],"replies":[{"embeddable":true,"href":"https:\/\/camino-asso.com\/index.php\/wp-json\/wp\/v2\/comments?post=38"}],"version-history":[{"count":1,"href":"https:\/\/camino-asso.com\/index.php\/wp-json\/wp\/v2\/pages\/38\/revisions"}],"predecessor-version":[{"id":39,"href":"https:\/\/camino-asso.com\/index.php\/wp-json\/wp\/v2\/pages\/38\/revisions\/39"}],"wp:featuredmedia":[{"embeddable":true,"href":"https:\/\/camino-asso.com\/index.php\/wp-json\/wp\/v2\/media\/92"}],"wp:attachment":[{"href":"https:\/\/camino-asso.com\/index.php\/wp-json\/wp\/v2\/media?parent=38"}],"curies":[{"name":"wp","href":"https:\/\/api.w.org\/{rel}","templated":true}]}}