{"id":40,"date":"2025-02-24T15:42:05","date_gmt":"2025-02-24T14:42:05","guid":{"rendered":"http:\/\/bzvkxvo.cluster021.hosting.ovh.net\/?page_id=40"},"modified":"2026-03-01T21:31:01","modified_gmt":"2026-03-01T20:31:01","slug":"pourquoi-nous-rejoindre","status":"publish","type":"page","link":"https:\/\/camino-asso.com\/index.php\/pourquoi-nous-rejoindre\/","title":{"rendered":"Nous rejoindre"},"content":{"rendered":"\n<p class=\"is-style-text-subtitle\">Cinq bonnes raisons de nous rejoindre :<\/p>\n\n\n\n<ol class=\"wp-block-list\">\n<li>\u00c9viter l&rsquo;isolement<\/li>\n\n\n\n<li>S&rsquo;aider en confiance<\/li>\n\n\n\n<li>Progresser plus vite<\/li>\n\n\n\n<li>D\u00e9battre et se ressourcer<\/li>\n\n\n\n<li>Approfondir son savoir et son expertise<\/li>\n<\/ol>\n\n\n\n<p><strong>Un ind\u00e9pendant r\u00e9ussit d&rsquo;autant mieux qu&rsquo;il n&rsquo;est pas seul.<\/strong><\/p>\n\n\n\n<p>Les consultants d\u00e9butants y trouvent un milieu bienveillant et structurant.<\/p>\n\n\n\n<p>Ils peuvent y soumettre en toute confiance leurs interrogations et initiatives sur leur m\u00e9tier et leur strat\u00e9gie. Ils gagnent du temps dans leur \u00e9volution en profitant des bonnes pratiques et suggestions de ceux qui ont d\u00e9j\u00e0 test\u00e9, appris et progress\u00e9 dans leur propre m\u00e9tier.<\/p>\n\n\n\n<p>Les consultants exp\u00e9riment\u00e9s y trouvent un espace de libert\u00e9 propice \u00e0 la confrontation des id\u00e9es. Ils peuvent se renouveler dans leur activit\u00e9, en b\u00e9n\u00e9ficiant de conseils stimulant, enrichis par les expertises crois\u00e9es du groupe.<\/p>\n\n\n\n<p>Tous ceux qui nous ont rejoint disposent ainsi d&rsquo;un r\u00e9seau pr\u00e9cieux de proximit\u00e9 et d&rsquo;entraide, sans comp\u00e9tition ni prise d&rsquo;int\u00e9r\u00eat, permettant \u00e0 chacun d&rsquo;approfondir son savoir et d&rsquo;\u00e9largir son champ de connaissance.<\/p>\n","protected":false},"excerpt":{"rendered":"<p>Cinq bonnes raisons de nous rejoindre : Un ind\u00e9pendant r\u00e9ussit d&rsquo;autant mieux qu&rsquo;il n&rsquo;est pas seul. Les consultants d\u00e9butants y [&hellip;]<\/p>\n","protected":false},"author":1,"featured_media":93,"parent":0,"menu_order":4,"comment_status":"closed","ping_status":"closed","template":"","meta":{"site-sidebar-layout":"default","site-content-layout":"","ast-site-content-layout":"default","site-content-style":"default","site-sidebar-style":"default","ast-global-header-display":"","ast-banner-title-visibility":"","ast-main-header-display":"","ast-hfb-above-header-display":"","ast-hfb-below-header-display":"","ast-hfb-mobile-header-display":"","site-post-title":"","ast-breadcrumbs-content":"","ast-featured-img":"","footer-sml-layout":"","ast-disable-related-posts":"","theme-transparent-header-meta":"","adv-header-id-meta":"","stick-header-meta":"","header-above-stick-meta":"","header-main-stick-meta":"","header-below-stick-meta":"","astra-migrate-meta-layouts":"default","ast-page-background-enabled":"default","ast-page-background-meta":{"desktop":{"background-color":"var(--ast-global-color-5)","background-image":"","background-repeat":"repeat","background-position":"center center","background-size":"auto","background-attachment":"scroll","background-type":"","background-media":"","overlay-type":"","overlay-color":"","overlay-opacity":"","overlay-gradient":""},"tablet":{"background-color":"","background-image":"","background-repeat":"repeat","background-position":"center center","background-size":"auto","background-attachment":"scroll","background-type":"","background-media":"","overlay-type":"","overlay-color":"","overlay-opacity":"","overlay-gradient":""},"mobile":{"background-color":"","background-image":"","background-repeat":"repeat","background-position":"center center","background-size":"auto","background-attachment":"scroll","background-type":"","background-media":"","overlay-type":"","overlay-color":"","overlay-opacity":"","overlay-gradient":""}},"ast-content-background-meta":{"desktop":{"background-color":"var(--ast-global-color-4)","background-image":"","background-repeat":"repeat","background-position":"center center","background-size":"auto","background-attachment":"scroll","background-type":"","background-media":"","overlay-type":"","overlay-color":"","overlay-opacity":"","overlay-gradient":""},"tablet":{"background-color":"var(--ast-global-color-4)","background-image":"","background-repeat":"repeat","background-position":"center center","background-size":"auto","background-attachment":"scroll","background-type":"","background-media":"","overlay-type":"","overlay-color":"","overlay-opacity":"","overlay-gradient":""},"mobile":{"background-color":"var(--ast-global-color-4)","background-image":"","background-repeat":"repeat","background-position":"center center","background-size":"auto","background-attachment":"scroll","background-type":"","background-media":"","overlay-type":"","overlay-color":"","overlay-opacity":"","overlay-gradient":""}},"footnotes":""},"class_list":["post-40","page","type-page","status-publish","has-post-thumbnail","hentry"],"_links":{"self":[{"href":"https:\/\/camino-asso.com\/index.php\/wp-json\/wp\/v2\/pages\/40","targetHints":{"allow":["GET"]}}],"collection":[{"href":"https:\/\/camino-asso.com\/index.php\/wp-json\/wp\/v2\/pages"}],"about":[{"href":"https:\/\/camino-asso.com\/index.php\/wp-json\/wp\/v2\/types\/page"}],"author":[{"embeddable":true,"href":"https:\/\/camino-asso.com\/index.php\/wp-json\/wp\/v2\/users\/1"}],"replies":[{"embeddable":true,"href":"https:\/\/camino-asso.com\/index.php\/wp-json\/wp\/v2\/comments?post=40"}],"version-history":[{"count":2,"href":"https:\/\/camino-asso.com\/index.php\/wp-json\/wp\/v2\/pages\/40\/revisions"}],"predecessor-version":[{"id":87,"href":"https:\/\/camino-asso.com\/index.php\/wp-json\/wp\/v2\/pages\/40\/revisions\/87"}],"wp:featuredmedia":[{"embeddable":true,"href":"https:\/\/camino-asso.com\/index.php\/wp-json\/wp\/v2\/media\/93"}],"wp:attachment":[{"href":"https:\/\/camino-asso.com\/index.php\/wp-json\/wp\/v2\/media?parent=40"}],"curies":[{"name":"wp","href":"https:\/\/api.w.org\/{rel}","templated":true}]}}